{"id":32,"date":"2024-09-11T11:39:31","date_gmt":"2024-09-11T11:39:31","guid":{"rendered":"https:\/\/levitatecascais.pt\/?page_id=32"},"modified":"2024-10-09T15:15:04","modified_gmt":"2024-10-09T15:15:04","slug":"apartamento-de-luxo-em-cascais","status":"publish","type":"page","link":"http:\/\/levitatecascais.pt\/en\/","title":{"rendered":"Apartamentos de luxo em Cascais"},"content":{"rendered":"","protected":false},"excerpt":{"rendered":"<p>Apartamentos de luxo em Cascais. O Levitate Cascais \u00e9 o novo s\u00edmbolo de eleg\u00e2ncia, com um design inovador que eleva o edif\u00edcio acima do solo.<\/p>","protected":false},"author":1,"featured_media":0,"parent":0,"menu_order":0,"comment_status":"closed","ping_status":"closed","template":"","meta":{"footnotes":""},"class_list":["post-32","page","type-page","status-publish","hentry"],"_links":{"self":[{"href":"http:\/\/levitatecascais.pt\/en\/wp-json\/wp\/v2\/pages\/32","targetHints":{"allow":["GET"]}}],"collection":[{"href":"http:\/\/levitatecascais.pt\/en\/wp-json\/wp\/v2\/pages"}],"about":[{"href":"http:\/\/levitatecascais.pt\/en\/wp-json\/wp\/v2\/types\/page"}],"author":[{"embeddable":true,"href":"http:\/\/levitatecascais.pt\/en\/wp-json\/wp\/v2\/users\/1"}],"replies":[{"embeddable":true,"href":"http:\/\/levitatecascais.pt\/en\/wp-json\/wp\/v2\/comments?post=32"}],"version-history":[{"count":100,"href":"http:\/\/levitatecascais.pt\/en\/wp-json\/wp\/v2\/pages\/32\/revisions"}],"predecessor-version":[{"id":1045,"href":"http:\/\/levitatecascais.pt\/en\/wp-json\/wp\/v2\/pages\/32\/revisions\/1045"}],"wp:attachment":[{"href":"http:\/\/levitatecascais.pt\/en\/wp-json\/wp\/v2\/media?parent=32"}],"curies":[{"name":"wp","href":"https:\/\/api.w.org\/{rel}","templated":true}]}}